{"id":10881,"date":"2025-05-06T13:02:46","date_gmt":"2025-05-06T11:02:46","guid":{"rendered":"https:\/\/latramun.cat\/localitzacio"},"modified":"2025-06-05T10:42:50","modified_gmt":"2025-06-05T08:42:50","slug":"localitzacio","status":"publish","type":"page","link":"https:\/\/latramun.cat\/es\/localitzacio","title":{"rendered":"Localizaci\u00f3n"},"content":{"rendered":"\n  <div class=\"banner has-hover\" id=\"banner-1138284465\">\n          <div class=\"banner-inner fill\">\n        <div class=\"banner-bg fill\" >\n            <img loading=\"lazy\" decoding=\"async\" width=\"2000\" height=\"1125\" src=\"https:\/\/latramun.cat\/wp-content\/uploads\/2025\/06\/planas-hostoles.webp\" class=\"bg attachment-original size-original\" alt=\"\" \/>                        <div class=\"overlay\"><\/div>            \n                    <\/div>\n\t\t\n        <div class=\"banner-layers container\">\n            <div class=\"fill banner-link\"><\/div>            \n   <div id=\"text-box-1257882422\" class=\"text-box banner-layer x50 md-x50 lg-x50 y50 md-y50 lg-y50 res-text\">\n                                <div class=\"text-box-content text dark\">\n              \n              <div class=\"text-inner text-center\">\n                  \n<h2 class=\"av-special-heading-tag \"><span style=\"font-size: 160%;\">localizaci\u00f3n<\/span><\/h2>\n<div class=\"av-subheading av-subheading_below\">\n<h3>Las Planas de hostolas<\/h3>\n<\/div>\n              <\/div>\n           <\/div>\n                            \n<style>\n#text-box-1257882422 {\n  width: 60%;\n}\n#text-box-1257882422 .text-box-content {\n  font-size: 100%;\n}\n<\/style>\n    <\/div>\n \n        <\/div>\n      <\/div>\n\n            \n<style>\n#banner-1138284465 {\n  padding-top: 743px;\n}\n#banner-1138284465 .overlay {\n  background-color: rgba(0, 0, 0, 0.488);\n}\n#banner-1138284465 .banner-bg img {\n  object-position: 45% 51%;\n}\n<\/style>\n  <\/div>\n\n\n\t<div id=\"gap-1425783817\" class=\"gap-element clearfix\" style=\"display:block; height:auto;\">\n\t\t\n<style>\n#gap-1425783817 {\n  padding-top: 49px;\n}\n<\/style>\n\t<\/div>\n\t\n<div class=\"row\"  id=\"row-782921381\">\n\n\t<div id=\"col-17188915\" class=\"col small-12 large-12\"  >\n\t\t\t\t<div class=\"col-inner\"  >\n\t\t\t\n\t\t\t\n\t<div id=\"text-1609602815\" class=\"text\">\n\t\t\n<h2 style=\"text-align: center;\">Les Planes d&#8217;Hostoles, un entorno ideal para empezar la aventura<\/h2>\n<p style=\"text-align: center;\">La salida de La Tramun 2025 se hace desde el municipio de Les Planes d&#8217;Hostoles, situado en pleno coraz\u00f3n del valle de Hostoles, entre la Garrotxa y el Giron\u00e8s. Este pueblo, rodeado de naturaleza, es el lugar perfecto para dar el pistoletazo de salida a una carrera tan t\u00e9cnica y espectacular como la nuestra. <\/p>\n\t\t\n<style>\n#text-1609602815 {\n  font-size: 1.35rem;\n  text-align: center;\n}\n<\/style>\n\t<\/div>\n\t\n\t<div id=\"gap-1305361624\" class=\"gap-element clearfix\" style=\"display:block; height:auto;\">\n\t\t\n<style>\n#gap-1305361624 {\n  padding-top: 30px;\n}\n<\/style>\n\t<\/div>\n\t\n\t<div id=\"text-3522091114\" class=\"text\">\n\t\t\n<h2 style=\"text-align: center;\">Informaci\u00f3n pr\u00e1ctica<\/h2>\n<p style=\"text-align: center;\">\ud83d\udccd Salida oficial de la carrera<\/p>\n<p style=\"text-align: center;\">\ud83c\udf9f\ufe0f Recogida de dorsales<\/p>\n<p style=\"text-align: center;\">\ud83d\ude8c Zona de recepci\u00f3n y log\u00edstica<\/p>\n<p style=\"text-align: center;\">\ud83d\ude90 Espacio habilitado para caravanas<\/p>\n<p style=\"text-align: center;\">\ud83c\udfe1 Alojamientos rurales y servicios en el municipio<\/p>\n\t\t\n<style>\n#text-3522091114 {\n  font-size: 1.15rem;\n  text-align: center;\n}\n<\/style>\n\t<\/div>\n\t\n\t<div id=\"text-3632159051\" class=\"text\">\n\t\t\n<p style=\"text-align: center;\">Adem\u00e1s, Les Planes dispone de una amplia oferta tur\u00edstica, con espacios naturales, rutas a pie y en bicicleta, y servicios pensados \u200b\u200bpara los amantes de la naturaleza.<\/p>\n<p style=\"text-align: left;\">\n\t\t\n<style>\n#text-3632159051 {\n  font-size: 1.15rem;\n  text-align: center;\n}\n<\/style>\n\t<\/div>\n\t\n  <div class=\"banner-grid-wrapper\">\n  <div id=\"banner-grid-1212931531\" class=\"banner-grid row row-grid row-xsmall\" data-packery-options=\"\">\n                      \n<div class=\"col grid-col large-6 grid-col-1\" ><div class=\"col-inner\">\n\t<div class=\"img has-hover x md-x lg-x y md-y lg-y\" id=\"image_611467403\">\n\t\t\t\t\t\t\t\t<div class=\"img-inner dark\" >\n\t\t\t<img loading=\"lazy\" decoding=\"async\" width=\"1000\" height=\"751\" src=\"https:\/\/latramun.cat\/wp-content\/uploads\/2025\/06\/IMG_20210424_101011-1-scaled-1.webp\" class=\"attachment-original size-original\" alt=\"\" srcset=\"https:\/\/latramun.cat\/wp-content\/uploads\/2025\/06\/IMG_20210424_101011-1-scaled-1.webp 1000w, https:\/\/latramun.cat\/wp-content\/uploads\/2025\/06\/IMG_20210424_101011-1-scaled-1-300x225.webp 300w, https:\/\/latramun.cat\/wp-content\/uploads\/2025\/06\/IMG_20210424_101011-1-scaled-1-768x577.webp 768w, https:\/\/latramun.cat\/wp-content\/uploads\/2025\/06\/IMG_20210424_101011-1-scaled-1-600x451.webp 600w\" sizes=\"auto, (max-width: 1000px) 100vw, 1000px\" \/>\t\t\t\t\t\t\n\t\t\t\t\t<\/div>\n\t\t\t\t\t\t\t\t\n<style>\n#image_611467403 {\n  width: 100%;\n}\n<\/style>\n\t<\/div>\n\t\n<\/div><\/div>\n<div class=\"col grid-col large-3 grid-col-1\" ><div class=\"col-inner\">\n\t<div class=\"img has-hover x md-x lg-x y md-y lg-y\" id=\"image_222434821\">\n\t\t\t\t\t\t\t\t<div class=\"img-inner dark\" >\n\t\t\t<img loading=\"lazy\" decoding=\"async\" width=\"1000\" height=\"750\" src=\"https:\/\/latramun.cat\/wp-content\/uploads\/2025\/06\/les-Encies-8-scaled-1.webp\" class=\"attachment-original size-original\" alt=\"\" srcset=\"https:\/\/latramun.cat\/wp-content\/uploads\/2025\/06\/les-Encies-8-scaled-1.webp 1000w, https:\/\/latramun.cat\/wp-content\/uploads\/2025\/06\/les-Encies-8-scaled-1-300x225.webp 300w, https:\/\/latramun.cat\/wp-content\/uploads\/2025\/06\/les-Encies-8-scaled-1-768x576.webp 768w, https:\/\/latramun.cat\/wp-content\/uploads\/2025\/06\/les-Encies-8-scaled-1-600x450.webp 600w\" sizes=\"auto, (max-width: 1000px) 100vw, 1000px\" \/>\t\t\t\t\t\t\n\t\t\t\t\t<\/div>\n\t\t\t\t\t\t\t\t\n<style>\n#image_222434821 {\n  width: 100%;\n}\n<\/style>\n\t<\/div>\n\t\n<\/div><\/div>\n<div class=\"col grid-col large-3 grid-col-1-2\" ><div class=\"col-inner\">\n\t<div class=\"img has-hover x md-x lg-x y md-y lg-y\" id=\"image_224898065\">\n\t\t\t\t\t\t\t\t<div class=\"img-inner dark\" >\n\t\t\t<img loading=\"lazy\" decoding=\"async\" width=\"1000\" height=\"751\" src=\"https:\/\/latramun.cat\/wp-content\/uploads\/2025\/06\/pj2-scaled-1.webp\" class=\"attachment-original size-original\" alt=\"\" srcset=\"https:\/\/latramun.cat\/wp-content\/uploads\/2025\/06\/pj2-scaled-1.webp 1000w, https:\/\/latramun.cat\/wp-content\/uploads\/2025\/06\/pj2-scaled-1-300x225.webp 300w, https:\/\/latramun.cat\/wp-content\/uploads\/2025\/06\/pj2-scaled-1-768x577.webp 768w, https:\/\/latramun.cat\/wp-content\/uploads\/2025\/06\/pj2-scaled-1-600x451.webp 600w\" sizes=\"auto, (max-width: 1000px) 100vw, 1000px\" \/>\t\t\t\t\t\t\n\t\t\t\t\t<\/div>\n\t\t\t\t\t\t\t\t\n<style>\n#image_224898065 {\n  width: 100%;\n}\n<\/style>\n\t<\/div>\n\t\n<\/div><\/div>\n<div class=\"col grid-col large-3 grid-col-1-2\" ><div class=\"col-inner\">\n\t<div class=\"img has-hover x md-x lg-x y md-y lg-y\" id=\"image_2000290927\">\n\t\t\t\t\t\t\t\t<div class=\"img-inner dark\" >\n\t\t\t<img loading=\"lazy\" decoding=\"async\" width=\"1000\" height=\"663\" src=\"https:\/\/latramun.cat\/wp-content\/uploads\/2025\/06\/IMG9761-min-scaled-1.webp\" class=\"attachment-original size-original\" alt=\"\" srcset=\"https:\/\/latramun.cat\/wp-content\/uploads\/2025\/06\/IMG9761-min-scaled-1.webp 1000w, https:\/\/latramun.cat\/wp-content\/uploads\/2025\/06\/IMG9761-min-scaled-1-300x199.webp 300w, https:\/\/latramun.cat\/wp-content\/uploads\/2025\/06\/IMG9761-min-scaled-1-768x509.webp 768w, https:\/\/latramun.cat\/wp-content\/uploads\/2025\/06\/IMG9761-min-scaled-1-600x398.webp 600w\" sizes=\"auto, (max-width: 1000px) 100vw, 1000px\" \/>\t\t\t\t\t\t\n\t\t\t\t\t<\/div>\n\t\t\t\t\t\t\t\t\n<style>\n#image_2000290927 {\n  width: 100%;\n}\n<\/style>\n\t<\/div>\n\t\n<\/div><\/div>\n            <\/div>\n    <style>\n    #banner-grid-1212931531 .grid-col-1{height: 352px}\n    #banner-grid-1212931531 .grid-col-1-2{height: 176px}\n    #banner-grid-1212931531 .grid-col-1-3{height:117.33333333333px}\n    #banner-grid-1212931531 .grid-col-2-3{height: 234.66666666667px}\n    #banner-grid-1212931531 .grid-col-1-4{height: 88px}\n    #banner-grid-1212931531 .grid-col-3-4{height: 264px}\n\n\n    \n    \n\n  <\/style>\n    <\/div>\n  \n\t<div id=\"gap-1734560803\" class=\"gap-element clearfix\" style=\"display:block; height:auto;\">\n\t\t\n<style>\n#gap-1734560803 {\n  padding-top: 39px;\n}\n<\/style>\n\t<\/div>\n\t\n<div class=\"row align-center\"  id=\"row-247551767\">\n\n\t<div id=\"col-40120426\" class=\"col small-12 large-12\"  >\n\t\t\t\t<div class=\"col-inner text-center\"  >\n\t\t\t\n\t\t\t\n\t<div class=\"img has-hover x md-x lg-x y md-y lg-y\" id=\"image_780604200\">\n\t\t\t\t\t\t\t\t<div class=\"img-inner dark\" >\n\t\t\t<img loading=\"lazy\" decoding=\"async\" width=\"1461\" height=\"627\" src=\"https:\/\/latramun.cat\/wp-content\/uploads\/2025\/06\/logo_turisme-les-planes-d_hostoles_horitzontal-2.png\" class=\"attachment-original size-original\" alt=\"\" srcset=\"https:\/\/latramun.cat\/wp-content\/uploads\/2025\/06\/logo_turisme-les-planes-d_hostoles_horitzontal-2.png 1461w, https:\/\/latramun.cat\/wp-content\/uploads\/2025\/06\/logo_turisme-les-planes-d_hostoles_horitzontal-2-300x129.png 300w, https:\/\/latramun.cat\/wp-content\/uploads\/2025\/06\/logo_turisme-les-planes-d_hostoles_horitzontal-2-1024x439.png 1024w, https:\/\/latramun.cat\/wp-content\/uploads\/2025\/06\/logo_turisme-les-planes-d_hostoles_horitzontal-2-768x330.png 768w, https:\/\/latramun.cat\/wp-content\/uploads\/2025\/06\/logo_turisme-les-planes-d_hostoles_horitzontal-2-600x257.png 600w\" sizes=\"auto, (max-width: 1461px) 100vw, 1461px\" \/>\t\t\t\t\t\t\n\t\t\t\t\t<\/div>\n\t\t\t\t\t\t\t\t\n<style>\n#image_780604200 {\n  width: 26%;\n}\n<\/style>\n\t<\/div>\n\t\n<a href=\"https:\/\/turismelesplanes.cat\/\" class=\"button alert is-shade box-shadow-3 box-shadow-5-hover\"  style=\"border-radius:5px;\">\n\t\t<span>visita Turismo Las llanuras de Hostoles<\/span>\n\t<\/a>\n\n\t\t<\/div>\n\t\t\t\t\t<\/div>\n\n\t\n<\/div>\n\n<p><iframe src=\"https:\/\/www.google.com\/maps\/embed?pb=!1m14!1m8!1m3!1d12818.823811596625!2d2.5426358497920827!3d42.05198629251419!3m2!1i1024!2i768!4f13.1!3m3!1m2!1s0x12bace01573fed5b%3A0x86e67730dd14c1b1!2sCarretera%20Girona%2C%201%2C%2017172%20Les%20Planes%20d'Hostoles%2C%20Girona!5e0!3m2!1ses!2ses!4v1748942435686!5m2!1ses!2ses\" width=\"100%\" height=\"450\" style=\"border:0;\" allowfullscreen=\"\" loading=\"lazy\" referrerpolicy=\"no-referrer-when-downgrade\"><\/iframe><br \/>\n\n\t\t<\/div>\n\t\t\t\t\t<\/div>\n\n\t\n<\/div>\n","protected":false},"excerpt":{"rendered":"","protected":false},"author":1,"featured_media":0,"parent":0,"menu_order":0,"comment_status":"closed","ping_status":"closed","template":"page-blank.php","meta":{"footnotes":""},"class_list":["post-10881","page","type-page","status-publish","hentry"],"_links":{"self":[{"href":"https:\/\/latramun.cat\/es\/wp-json\/wp\/v2\/pages\/10881","targetHints":{"allow":["GET"]}}],"collection":[{"href":"https:\/\/latramun.cat\/es\/wp-json\/wp\/v2\/pages"}],"about":[{"href":"https:\/\/latramun.cat\/es\/wp-json\/wp\/v2\/types\/page"}],"author":[{"embeddable":true,"href":"https:\/\/latramun.cat\/es\/wp-json\/wp\/v2\/users\/1"}],"replies":[{"embeddable":true,"href":"https:\/\/latramun.cat\/es\/wp-json\/wp\/v2\/comments?post=10881"}],"version-history":[{"count":5,"href":"https:\/\/latramun.cat\/es\/wp-json\/wp\/v2\/pages\/10881\/revisions"}],"predecessor-version":[{"id":10968,"href":"https:\/\/latramun.cat\/es\/wp-json\/wp\/v2\/pages\/10881\/revisions\/10968"}],"wp:attachment":[{"href":"https:\/\/latramun.cat\/es\/wp-json\/wp\/v2\/media?parent=10881"}],"curies":[{"name":"wp","href":"https:\/\/api.w.org\/{rel}","templated":true}]}}