{"id":10796,"date":"2025-05-06T13:02:15","date_gmt":"2025-05-06T11:02:15","guid":{"rendered":"https:\/\/latramun.cat\/girona"},"modified":"2025-06-02T13:12:41","modified_gmt":"2025-06-02T11:12:41","slug":"girona","status":"publish","type":"page","link":"https:\/\/latramun.cat\/es\/girona","title":{"rendered":"Girona"},"content":{"rendered":"\n  <div class=\"banner has-hover\" id=\"banner-2106944415\">\n          <div class=\"banner-inner fill\">\n        <div class=\"banner-bg fill\" >\n            <img loading=\"lazy\" decoding=\"async\" width=\"1920\" height=\"1329\" src=\"https:\/\/latramun.cat\/wp-content\/uploads\/2025\/05\/girona-banner.webp\" class=\"bg attachment-original size-original\" alt=\"Girona\" \/>                        <div class=\"overlay\"><\/div>            \n                    <\/div>\n\t\t\n        <div class=\"banner-layers container\">\n            <div class=\"fill banner-link\"><\/div>            \n   <div id=\"text-box-863497310\" class=\"text-box banner-layer x50 md-x50 lg-x50 y50 md-y50 lg-y50 res-text\">\n                                <div class=\"text-box-content text dark\">\n              \n              <div class=\"text-inner text-center\">\n                  \n<h2 class=\"av-special-heading-tag \"><span style=\"font-size: 160%;\">GIRONA<\/span><\/h2>\n<div class=\"av-subheading av-subheading_below\">\n<h3>EL PARA\u00cdSO DEL CICLISMO<\/h3>\n<\/div>\n              <\/div>\n           <\/div>\n                            \n<style>\n#text-box-863497310 {\n  width: 60%;\n}\n#text-box-863497310 .text-box-content {\n  font-size: 100%;\n}\n<\/style>\n    <\/div>\n \n        <\/div>\n      <\/div>\n\n            \n<style>\n#banner-2106944415 {\n  padding-top: 743px;\n}\n#banner-2106944415 .overlay {\n  background-color: rgba(0, 0, 0, 0.488);\n}\n#banner-2106944415 .banner-bg img {\n  object-position: 45% 51%;\n}\n<\/style>\n  <\/div>\n\n\n\t<div id=\"gap-1085652216\" class=\"gap-element clearfix\" style=\"display:block; height:auto;\">\n\t\t\n<style>\n#gap-1085652216 {\n  padding-top: 57px;\n}\n<\/style>\n\t<\/div>\n\t\n<div class=\"row align-center\"  id=\"row-744641081\">\n\n\t<div id=\"col-1265325417\" class=\"col medium-10 small-12 large-10\"  >\n\t\t\t\t<div class=\"col-inner\"  >\n\t\t\t\n\t\t\t\n<p>En n\u00famero de practicantes y ciclismo social, <b>Girona<\/b> es una de las ciudades l\u00edderes en Catalu\u00f1a y en el Estado. Hay un gran n\u00famero de clubes que trabajan por el ciclismo y que organizan grandes pruebas. Cada semana se puede salir a pedalear en alg\u00fan lugar en una carrera organizada. El territorio tambi\u00e9n cuenta con grandes corredores, como Jos\u00e9 Hermida y Joan Llordella.<\/p>\n<p>Actualmente, la ciudad de Girona ha sido acreditada como <b>Destino de Turismo Deportivo (DTE)<\/b> en la modalidad de multideportes. Esta certificaci\u00f3n consolida Girona como un destino de primera elecci\u00f3n, que aspira a lograr que deportistas de \u00e9lite elijan Girona para practicar su deporte.<\/p>\n<p>Por su entorno natural privilegiado, Girona se ha convertido en un lugar ideal para la pr\u00e1ctica deportiva. La ciudad de Girona es elegida cada a\u00f1o por numerosos equipos y deportistas profesionales atra\u00eddos por el encanto de su territorio, la calidad de sus infraestructuras deportivas, la oferta de alojamiento y los servicios tur\u00edsticos que la ciudad les ofrece adaptados a sus necesidades.<\/p>\n<p>La oferta deportiva de Girona, complementada con el atractivo patrimonial de la ciudad, su reconocida gastronom\u00eda y los eventos que acoge a lo largo del a\u00f1o, la convierten en un destino perfecto para combinar la pr\u00e1ctica del deporte, el entrenamiento y el disfrute de las vacaciones.<\/p>\n<p><iframe loading=\"lazy\" title=\"Welcome to the emotions\" width=\"1020\" height=\"574\" src=\"https:\/\/www.youtube.com\/embed\/YvZDod5nyy4?feature=oembed\" frameborder=\"0\" allow=\"accelerometer; autoplay; clipboard-write; encrypted-media; gyroscope; picture-in-picture; web-share\" referrerpolicy=\"strict-origin-when-cross-origin\" allowfullscreen><\/iframe><\/p>\n\t\t<\/div>\n\t\t\t\t\t<\/div>\n\n\t\n<\/div><\/div>\n","protected":false},"excerpt":{"rendered":"","protected":false},"author":1,"featured_media":0,"parent":0,"menu_order":0,"comment_status":"closed","ping_status":"closed","template":"page-blank.php","meta":{"footnotes":""},"class_list":["post-10796","page","type-page","status-publish","hentry"],"_links":{"self":[{"href":"https:\/\/latramun.cat\/es\/wp-json\/wp\/v2\/pages\/10796","targetHints":{"allow":["GET"]}}],"collection":[{"href":"https:\/\/latramun.cat\/es\/wp-json\/wp\/v2\/pages"}],"about":[{"href":"https:\/\/latramun.cat\/es\/wp-json\/wp\/v2\/types\/page"}],"author":[{"embeddable":true,"href":"https:\/\/latramun.cat\/es\/wp-json\/wp\/v2\/users\/1"}],"replies":[{"embeddable":true,"href":"https:\/\/latramun.cat\/es\/wp-json\/wp\/v2\/comments?post=10796"}],"version-history":[{"count":4,"href":"https:\/\/latramun.cat\/es\/wp-json\/wp\/v2\/pages\/10796\/revisions"}],"predecessor-version":[{"id":10800,"href":"https:\/\/latramun.cat\/es\/wp-json\/wp\/v2\/pages\/10796\/revisions\/10800"}],"wp:attachment":[{"href":"https:\/\/latramun.cat\/es\/wp-json\/wp\/v2\/media?parent=10796"}],"curies":[{"name":"wp","href":"https:\/\/api.w.org\/{rel}","templated":true}]}}